{"id":1594,"date":"2023-02-07T16:05:14","date_gmt":"2023-02-07T15:05:14","guid":{"rendered":"http:\/\/erna-piscine.com\/index.php\/about\/"},"modified":"2025-11-18T10:30:13","modified_gmt":"2025-11-18T09:30:13","slug":"mentions-legales","status":"publish","type":"page","link":"https:\/\/erna-piscine.com\/?page_id=1594","title":{"rendered":"mentions l\u00e9gales"},"content":{"rendered":"<h2>Mentions l\u00e9gales<\/h2>\n<p data-darkmysite_alpha_bg=\"rgba(0, 0, 0, 0)\" data-darkmysite_preserved_classes=\"darkmysite_style_txt_border darkmysite_processed\">Identit\u00e9 de l&rsquo;entreprise :<\/p>\n<p data-darkmysite_alpha_bg=\"rgba(0, 0, 0, 0)\" data-darkmysite_preserved_classes=\"darkmysite_style_txt_border darkmysite_processed\">Identit\u00e9 de l&rsquo;entreprise\u00a0: <a title=\"d\u00e9nomination sociale - Nouvelle fen\u00eatre\" href=\"https:\/\/entreprendre.service-public.fr\/vosdroits\/F23283\" target=\"_blank\" rel=\"noopener\" data-darkmysite_alpha_bg=\"rgba(0, 0, 0, 0)\">d\u00e9nomination sociale<\/a>, forme juridique, adresse du <a title=\"si\u00e8ge social - Nouvelle fen\u00eatre\" href=\"https:\/\/entreprendre.service-public.fr\/vosdroits\/F2160\" target=\"_blank\" rel=\"noopener\" data-darkmysite_alpha_bg=\"rgba(0, 0, 0, 0)\">si\u00e8ge social<\/a>et montant du capital social.<\/p>\n<p data-darkmysite_alpha_bg=\"rgba(0, 0, 0, 0)\"><a title=\"Num\u00e9ro d'immatriculation - Nouvelle fen\u00eatre\" href=\"https:\/\/entreprendre.service-public.fr\/vosdroits\/F35934\" target=\"_blank\" rel=\"noopener\" data-darkmysite_alpha_bg=\"rgba(0, 0, 0, 0)\">Num\u00e9ro d&rsquo;immatriculation<\/a> au <abbr tabindex=\"0\" data-toggle=\"tooltip\" data-sigle=\"R24403\" data-original-title=\"RCS\u00a0:\u00a0Registre du commerce et des soci\u00e9t\u00e9s\" data-darkmysite_alpha_bg=\"rgba(0, 0, 0, 0)\">RCS: RCS\u00a0:\u00a0Registre du commerce et des soci\u00e9t\u00e9s<\/abbr> et\/ou num\u00e9ro <a title=\"Siren - Nouvelle fen\u00eatre\" href=\"https:\/\/entreprendre.service-public.fr\/vosdroits\/F32135\" target=\"_blank\" rel=\"noopener\" data-darkmysite_alpha_bg=\"rgba(0, 0, 0, 0)\">Siren<\/a><\/p>\n<p data-darkmysite_alpha_bg=\"rgba(0, 0, 0, 0)\">Mail et num\u00e9ro de t\u00e9l\u00e9phone pour contacter votre entreprise<\/p>\n<p data-darkmysite_alpha_bg=\"rgba(0, 0, 0, 0)\"><a title=\"Num\u00e9ro d'identification \u00e0 la TVA - Nouvelle fen\u00eatre\" href=\"https:\/\/entreprendre.service-public.fr\/vosdroits\/F23570\" target=\"_blank\" rel=\"noopener\" data-darkmysite_alpha_bg=\"rgba(0, 0, 0, 0)\">Num\u00e9ro d&rsquo;identification \u00e0 la TVA<\/a><\/p>\n<p data-darkmysite_alpha_bg=\"rgba(0, 0, 0, 0)\" data-darkmysite_preserved_classes=\"darkmysite_style_txt_border darkmysite_processed\">Identit\u00e9 de l&rsquo;h\u00e9bergeur :<\/p>\n<p data-darkmysite_alpha_bg=\"rgba(0, 0, 0, 0)\" data-darkmysite_preserved_classes=\"darkmysite_style_txt_border darkmysite_processed\">OVH &#8211;\u00a0RCS Lille M\u00e9tropole 424 761 419 00045<\/p>\n<p data-darkmysite_alpha_bg=\"rgba(0, 0, 0, 0)\" data-darkmysite_preserved_classes=\"darkmysite_style_txt_border darkmysite_processed\">Code APE 2620Z<\/p>\n<p data-darkmysite_alpha_bg=\"rgba(0, 0, 0, 0)\" data-darkmysite_preserved_classes=\"darkmysite_style_txt_border darkmysite_processed\">N\u00b0 TVA : FR 22 424 761 419<\/p>\n<p data-darkmysite_alpha_bg=\"rgba(0, 0, 0, 0)\" data-darkmysite_preserved_classes=\"darkmysite_style_txt_border darkmysite_processed\">Si\u00e8ge social : 2 rue Kellermann &#8211; 59100 Roubaix &#8211; France<\/p>\n<p data-darkmysite_alpha_bg=\"rgba(0, 0, 0, 0)\" data-darkmysite_preserved_classes=\"darkmysite_style_txt_border darkmysite_processed\">\n<p data-darkmysite_alpha_bg=\"rgba(0, 0, 0, 0)\" data-darkmysite_preserved_classes=\"darkmysite_style_txt_border darkmysite_processed\">\n<p><img decoding=\"async\" data-src=\"http:\/\/erna-piscine.com\/wp-content\/uploads\/2023\/02\/2-1-150x150.png\" data-sizes=\"(max-width: 150px) 100vw, 150px\" data-srcset=\"http:\/\/erna-piscine.com\/wp-content\/uploads\/2023\/02\/2-1-150x150.png 150w, http:\/\/erna-piscine.com\/wp-content\/uploads\/2023\/02\/2-1-300x300.png 300w, http:\/\/erna-piscine.com\/wp-content\/uploads\/2023\/02\/2-1-1024x1024.png 1024w, http:\/\/erna-piscine.com\/wp-content\/uploads\/2023\/02\/2-1-768x768.png 768w, http:\/\/erna-piscine.com\/wp-content\/uploads\/2023\/02\/2-1-1536x1536.png 1536w, http:\/\/erna-piscine.com\/wp-content\/uploads\/2023\/02\/2-1-650x650.png 650w, http:\/\/erna-piscine.com\/wp-content\/uploads\/2023\/02\/2-1-1300x1300.png 1300w, http:\/\/erna-piscine.com\/wp-content\/uploads\/2023\/02\/2-1.png 1563w\" alt=\"\" width=\"150\" height=\"150\" src=\"data:image\/svg+xml;base64,PHN2ZyB3aWR0aD0iMSIgaGVpZ2h0PSIxIiB4bWxucz0iaHR0cDovL3d3dy53My5vcmcvMjAwMC9zdmciPjwvc3ZnPg==\" class=\"lazyload\" style=\"--smush-placeholder-width: 150px; --smush-placeholder-aspect-ratio: 150\/150;\" \/><\/p>\n","protected":false},"excerpt":{"rendered":"<p>Mentions l\u00e9gales Identit\u00e9 de l&rsquo;entreprise : Identit\u00e9 de l&rsquo;entreprise\u00a0: d\u00e9nomination sociale, forme juridique, adresse du si\u00e8ge socialet montant du capital social. Num\u00e9ro d&rsquo;immatriculation au RCS: RCS\u00a0:\u00a0Registre du commerce et des soci\u00e9t\u00e9s et\/ou num\u00e9ro Siren Mail et num\u00e9ro de t\u00e9l\u00e9phone pour contacter votre entreprise Num\u00e9ro d&rsquo;identification \u00e0 la TVA Identit\u00e9 de l&rsquo;h\u00e9bergeur : OVH &#8211;\u00a0RCS Lille [&hellip;]<\/p>\n","protected":false},"author":1,"featured_media":0,"parent":0,"menu_order":0,"comment_status":"closed","ping_status":"closed","template":"elementor_header_footer","meta":{"_acf_changed":false,"footnotes":""},"class_list":["post-1594","page","type-page","status-publish","hentry"],"acf":[],"yoast_head":"<!-- This site is optimized with the Yoast SEO plugin v27.4 - https:\/\/yoast.com\/product\/yoast-seo-wordpress\/ -->\n<title>mentions l\u00e9gales - Erna Piscine<\/title>\n<meta name=\"robots\" content=\"index, follow, max-snippet:-1, max-image-preview:large, max-video-preview:-1\" \/>\n<link rel=\"canonical\" href=\"https:\/\/erna-piscine.com\/?page_id=1594\" \/>\n<meta property=\"og:locale\" content=\"fr_FR\" \/>\n<meta property=\"og:type\" content=\"article\" \/>\n<meta property=\"og:title\" content=\"mentions l\u00e9gales - Erna Piscine\" \/>\n<meta property=\"og:description\" content=\"Mentions l\u00e9gales Identit\u00e9 de l&rsquo;entreprise : Identit\u00e9 de l&rsquo;entreprise\u00a0: d\u00e9nomination sociale, forme juridique, adresse du si\u00e8ge socialet montant du capital social. Num\u00e9ro d&rsquo;immatriculation au RCS: RCS\u00a0:\u00a0Registre du commerce et des soci\u00e9t\u00e9s et\/ou num\u00e9ro Siren Mail et num\u00e9ro de t\u00e9l\u00e9phone pour contacter votre entreprise Num\u00e9ro d&rsquo;identification \u00e0 la TVA Identit\u00e9 de l&rsquo;h\u00e9bergeur : OVH &#8211;\u00a0RCS Lille [&hellip;]\" \/>\n<meta property=\"og:url\" content=\"https:\/\/erna-piscine.com\/?page_id=1594\" \/>\n<meta property=\"og:site_name\" content=\"Erna Piscine\" \/>\n<meta property=\"article:modified_time\" content=\"2025-11-18T09:30:13+00:00\" \/>\n<meta property=\"og:image\" content=\"http:\/\/erna-piscine.com\/wp-content\/uploads\/2023\/02\/2-1-150x150.png\" \/>\n<meta name=\"twitter:card\" content=\"summary_large_image\" \/>\n<meta name=\"twitter:label1\" content=\"Dur\u00e9e de lecture estim\u00e9e\" \/>\n\t<meta name=\"twitter:data1\" content=\"1 minute\" \/>\n<script type=\"application\/ld+json\" class=\"yoast-schema-graph\">{\"@context\":\"https:\\\/\\\/schema.org\",\"@graph\":[{\"@type\":\"WebPage\",\"@id\":\"https:\\\/\\\/erna-piscine.com\\\/?page_id=1594\",\"url\":\"https:\\\/\\\/erna-piscine.com\\\/?page_id=1594\",\"name\":\"mentions l\u00e9gales - Erna Piscine\",\"isPartOf\":{\"@id\":\"https:\\\/\\\/erna-piscine.com\\\/#website\"},\"primaryImageOfPage\":{\"@id\":\"https:\\\/\\\/erna-piscine.com\\\/?page_id=1594#primaryimage\"},\"image\":{\"@id\":\"https:\\\/\\\/erna-piscine.com\\\/?page_id=1594#primaryimage\"},\"thumbnailUrl\":\"http:\\\/\\\/erna-piscine.com\\\/wp-content\\\/uploads\\\/2023\\\/02\\\/2-1-150x150.png\",\"datePublished\":\"2023-02-07T15:05:14+00:00\",\"dateModified\":\"2025-11-18T09:30:13+00:00\",\"breadcrumb\":{\"@id\":\"https:\\\/\\\/erna-piscine.com\\\/?page_id=1594#breadcrumb\"},\"inLanguage\":\"fr-FR\",\"potentialAction\":[{\"@type\":\"ReadAction\",\"target\":[\"https:\\\/\\\/erna-piscine.com\\\/?page_id=1594\"]}]},{\"@type\":\"ImageObject\",\"inLanguage\":\"fr-FR\",\"@id\":\"https:\\\/\\\/erna-piscine.com\\\/?page_id=1594#primaryimage\",\"url\":\"https:\\\/\\\/erna-piscine.com\\\/wp-content\\\/uploads\\\/2023\\\/02\\\/2-1.png\",\"contentUrl\":\"https:\\\/\\\/erna-piscine.com\\\/wp-content\\\/uploads\\\/2023\\\/02\\\/2-1.png\",\"width\":1563,\"height\":1563},{\"@type\":\"BreadcrumbList\",\"@id\":\"https:\\\/\\\/erna-piscine.com\\\/?page_id=1594#breadcrumb\",\"itemListElement\":[{\"@type\":\"ListItem\",\"position\":1,\"name\":\"Accueil\",\"item\":\"https:\\\/\\\/erna-piscine.com\\\/\"},{\"@type\":\"ListItem\",\"position\":2,\"name\":\"mentions l\u00e9gales\"}]},{\"@type\":\"WebSite\",\"@id\":\"https:\\\/\\\/erna-piscine.com\\\/#website\",\"url\":\"https:\\\/\\\/erna-piscine.com\\\/\",\"name\":\"Erna Piscine\",\"description\":\"Construction piscine &amp; SPA\",\"publisher\":{\"@id\":\"https:\\\/\\\/erna-piscine.com\\\/#organization\"},\"potentialAction\":[{\"@type\":\"SearchAction\",\"target\":{\"@type\":\"EntryPoint\",\"urlTemplate\":\"https:\\\/\\\/erna-piscine.com\\\/?s={search_term_string}\"},\"query-input\":{\"@type\":\"PropertyValueSpecification\",\"valueRequired\":true,\"valueName\":\"search_term_string\"}}],\"inLanguage\":\"fr-FR\"},{\"@type\":\"Organization\",\"@id\":\"https:\\\/\\\/erna-piscine.com\\\/#organization\",\"name\":\"Erna\",\"url\":\"https:\\\/\\\/erna-piscine.com\\\/\",\"logo\":{\"@type\":\"ImageObject\",\"inLanguage\":\"fr-FR\",\"@id\":\"https:\\\/\\\/erna-piscine.com\\\/#\\\/schema\\\/logo\\\/image\\\/\",\"url\":\"https:\\\/\\\/erna-piscine.com\\\/wp-content\\\/uploads\\\/2025\\\/09\\\/cropped-logo-erna-transparent.png\",\"contentUrl\":\"https:\\\/\\\/erna-piscine.com\\\/wp-content\\\/uploads\\\/2025\\\/09\\\/cropped-logo-erna-transparent.png\",\"width\":1524,\"height\":537,\"caption\":\"Erna\"},\"image\":{\"@id\":\"https:\\\/\\\/erna-piscine.com\\\/#\\\/schema\\\/logo\\\/image\\\/\"}}]}<\/script>\n<!-- \/ Yoast SEO plugin. -->","yoast_head_json":{"title":"mentions l\u00e9gales - Erna Piscine","robots":{"index":"index","follow":"follow","max-snippet":"max-snippet:-1","max-image-preview":"max-image-preview:large","max-video-preview":"max-video-preview:-1"},"canonical":"https:\/\/erna-piscine.com\/?page_id=1594","og_locale":"fr_FR","og_type":"article","og_title":"mentions l\u00e9gales - Erna Piscine","og_description":"Mentions l\u00e9gales Identit\u00e9 de l&rsquo;entreprise : Identit\u00e9 de l&rsquo;entreprise\u00a0: d\u00e9nomination sociale, forme juridique, adresse du si\u00e8ge socialet montant du capital social. Num\u00e9ro d&rsquo;immatriculation au RCS: RCS\u00a0:\u00a0Registre du commerce et des soci\u00e9t\u00e9s et\/ou num\u00e9ro Siren Mail et num\u00e9ro de t\u00e9l\u00e9phone pour contacter votre entreprise Num\u00e9ro d&rsquo;identification \u00e0 la TVA Identit\u00e9 de l&rsquo;h\u00e9bergeur : OVH &#8211;\u00a0RCS Lille [&hellip;]","og_url":"https:\/\/erna-piscine.com\/?page_id=1594","og_site_name":"Erna Piscine","article_modified_time":"2025-11-18T09:30:13+00:00","og_image":[{"url":"http:\/\/erna-piscine.com\/wp-content\/uploads\/2023\/02\/2-1-150x150.png","type":"","width":"","height":""}],"twitter_card":"summary_large_image","twitter_misc":{"Dur\u00e9e de lecture estim\u00e9e":"1 minute"},"schema":{"@context":"https:\/\/schema.org","@graph":[{"@type":"WebPage","@id":"https:\/\/erna-piscine.com\/?page_id=1594","url":"https:\/\/erna-piscine.com\/?page_id=1594","name":"mentions l\u00e9gales - Erna Piscine","isPartOf":{"@id":"https:\/\/erna-piscine.com\/#website"},"primaryImageOfPage":{"@id":"https:\/\/erna-piscine.com\/?page_id=1594#primaryimage"},"image":{"@id":"https:\/\/erna-piscine.com\/?page_id=1594#primaryimage"},"thumbnailUrl":"http:\/\/erna-piscine.com\/wp-content\/uploads\/2023\/02\/2-1-150x150.png","datePublished":"2023-02-07T15:05:14+00:00","dateModified":"2025-11-18T09:30:13+00:00","breadcrumb":{"@id":"https:\/\/erna-piscine.com\/?page_id=1594#breadcrumb"},"inLanguage":"fr-FR","potentialAction":[{"@type":"ReadAction","target":["https:\/\/erna-piscine.com\/?page_id=1594"]}]},{"@type":"ImageObject","inLanguage":"fr-FR","@id":"https:\/\/erna-piscine.com\/?page_id=1594#primaryimage","url":"https:\/\/erna-piscine.com\/wp-content\/uploads\/2023\/02\/2-1.png","contentUrl":"https:\/\/erna-piscine.com\/wp-content\/uploads\/2023\/02\/2-1.png","width":1563,"height":1563},{"@type":"BreadcrumbList","@id":"https:\/\/erna-piscine.com\/?page_id=1594#breadcrumb","itemListElement":[{"@type":"ListItem","position":1,"name":"Accueil","item":"https:\/\/erna-piscine.com\/"},{"@type":"ListItem","position":2,"name":"mentions l\u00e9gales"}]},{"@type":"WebSite","@id":"https:\/\/erna-piscine.com\/#website","url":"https:\/\/erna-piscine.com\/","name":"Erna Piscine","description":"Construction piscine &amp; SPA","publisher":{"@id":"https:\/\/erna-piscine.com\/#organization"},"potentialAction":[{"@type":"SearchAction","target":{"@type":"EntryPoint","urlTemplate":"https:\/\/erna-piscine.com\/?s={search_term_string}"},"query-input":{"@type":"PropertyValueSpecification","valueRequired":true,"valueName":"search_term_string"}}],"inLanguage":"fr-FR"},{"@type":"Organization","@id":"https:\/\/erna-piscine.com\/#organization","name":"Erna","url":"https:\/\/erna-piscine.com\/","logo":{"@type":"ImageObject","inLanguage":"fr-FR","@id":"https:\/\/erna-piscine.com\/#\/schema\/logo\/image\/","url":"https:\/\/erna-piscine.com\/wp-content\/uploads\/2025\/09\/cropped-logo-erna-transparent.png","contentUrl":"https:\/\/erna-piscine.com\/wp-content\/uploads\/2025\/09\/cropped-logo-erna-transparent.png","width":1524,"height":537,"caption":"Erna"},"image":{"@id":"https:\/\/erna-piscine.com\/#\/schema\/logo\/image\/"}}]}},"_links":{"self":[{"href":"https:\/\/erna-piscine.com\/index.php?rest_route=\/wp\/v2\/pages\/1594","targetHints":{"allow":["GET"]}}],"collection":[{"href":"https:\/\/erna-piscine.com\/index.php?rest_route=\/wp\/v2\/pages"}],"about":[{"href":"https:\/\/erna-piscine.com\/index.php?rest_route=\/wp\/v2\/types\/page"}],"author":[{"embeddable":true,"href":"https:\/\/erna-piscine.com\/index.php?rest_route=\/wp\/v2\/users\/1"}],"replies":[{"embeddable":true,"href":"https:\/\/erna-piscine.com\/index.php?rest_route=%2Fwp%2Fv2%2Fcomments&post=1594"}],"version-history":[{"count":1,"href":"https:\/\/erna-piscine.com\/index.php?rest_route=\/wp\/v2\/pages\/1594\/revisions"}],"predecessor-version":[{"id":2662,"href":"https:\/\/erna-piscine.com\/index.php?rest_route=\/wp\/v2\/pages\/1594\/revisions\/2662"}],"wp:attachment":[{"href":"https:\/\/erna-piscine.com\/index.php?rest_route=%2Fwp%2Fv2%2Fmedia&parent=1594"}],"curies":[{"name":"wp","href":"https:\/\/api.w.org\/{rel}","templated":true}]}}